{"id":110,"date":"2021-09-12T09:28:55","date_gmt":"2021-09-12T09:28:55","guid":{"rendered":"https:\/\/javor-bjelovar.hr\/?page_id=110"},"modified":"2021-09-12T09:30:53","modified_gmt":"2021-09-12T09:30:53","slug":"reference","status":"publish","type":"page","link":"https:\/\/javor-bjelovar.hr\/en\/reference\/","title":{"rendered":"References"},"content":{"rendered":"<div data-elementor-type=\"wp-page\" data-elementor-id=\"110\" class=\"elementor elementor-110\" data-elementor-post-type=\"page\">\n\t\t\t\t\t\t<section class=\"elementor-section elementor-top-section elementor-element elementor-element-1f91c23c elementor-section-full_width elementor-section-height-default elementor-section-height-default\" data-id=\"1f91c23c\" data-element_type=\"section\" data-settings=\"{&quot;background_background&quot;:&quot;classic&quot;}\">\n\t\t\t\t\t\t<div class=\"elementor-container elementor-column-gap-default\">\n\t\t\t\t\t<div class=\"elementor-column elementor-col-33 elementor-top-column elementor-element elementor-element-2a4da893\" data-id=\"2a4da893\" data-element_type=\"column\">\n\t\t\t<div class=\"elementor-widget-wrap\">\n\t\t\t\t\t\t\t<\/div>\n\t\t<\/div>\n\t\t\t\t<div class=\"elementor-column elementor-col-33 elementor-top-column elementor-element elementor-element-476b20b8\" data-id=\"476b20b8\" data-element_type=\"column\">\n\t\t\t<div class=\"elementor-widget-wrap elementor-element-populated\">\n\t\t\t\t\t\t\t<\/div>\n\t\t<\/div>\n\t\t\t\t<div class=\"elementor-column elementor-col-33 elementor-top-column elementor-element elementor-element-21f3009e\" data-id=\"21f3009e\" data-element_type=\"column\">\n\t\t\t<div class=\"elementor-widget-wrap\">\n\t\t\t\t\t\t\t<\/div>\n\t\t<\/div>\n\t\t\t\t\t<\/div>\n\t\t<\/section>\n\t\t\t\t<section class=\"elementor-section elementor-top-section elementor-element elementor-element-18d68e88 elementor-section-boxed elementor-section-height-default elementor-section-height-default\" data-id=\"18d68e88\" data-element_type=\"section\">\n\t\t\t\t\t\t<div class=\"elementor-container elementor-column-gap-default\">\n\t\t\t\t\t<div class=\"elementor-column elementor-col-50 elementor-top-column elementor-element elementor-element-2001dade\" data-id=\"2001dade\" data-element_type=\"column\">\n\t\t\t<div class=\"elementor-widget-wrap elementor-element-populated\">\n\t\t\t\t\t\t<div class=\"elementor-element elementor-element-27a346c elementor-widget elementor-widget-text-editor\" data-id=\"27a346c\" data-element_type=\"widget\" data-widget_type=\"text-editor.default\">\n\t\t\t\t<div class=\"elementor-widget-container\">\n\t\t\t\t\t\t\t<p style=\"text-align: center;\">The quality of our products, favorable prices, delivery speed and accuracy have been recognized by many large, medium and small businesses as well as thousands of small customers.<\/p>\t\t\t\t\t\t<\/div>\n\t\t\t\t<\/div>\n\t\t\t\t<section class=\"elementor-section elementor-inner-section elementor-element elementor-element-f9740b4 elementor-section-boxed elementor-section-height-default elementor-section-height-default\" data-id=\"f9740b4\" data-element_type=\"section\">\n\t\t\t\t\t\t<div class=\"elementor-container elementor-column-gap-default\">\n\t\t\t\t\t<div class=\"elementor-column elementor-col-50 elementor-inner-column elementor-element elementor-element-c4a59e2\" data-id=\"c4a59e2\" data-element_type=\"column\">\n\t\t\t<div class=\"elementor-widget-wrap elementor-element-populated\">\n\t\t\t\t\t\t<div class=\"elementor-element elementor-element-b1e0a47 elementor-widget elementor-widget-text-editor\" data-id=\"b1e0a47\" data-element_type=\"widget\" data-widget_type=\"text-editor.default\">\n\t\t\t\t<div class=\"elementor-widget-container\">\n\t\t\t\t\t\t\t<p>Hotel Rotondo \u2013 Trogir<br \/>Hotel Marco Polo \u2013 Kor\u010dula<br \/>Ekonomska \u0161kola Vinkovci<br \/>Dom za starije i nemo\u0107ne Dubrava, Zagreb<br \/>Dom za starije i nemo\u0107ne Maksimir, Zagreb<br \/>Croatia tehni\u010dki pregledi, poslovnice:<\/p><p>Kor\u010dula<br \/>Imotski<br \/>Split<br \/>Rab<br \/>Koprivnica<br \/>Osijek<br \/>Kutina<br \/>Grubi\u0161no Polje<br \/>Daruvar<\/p>\t\t\t\t\t\t<\/div>\n\t\t\t\t<\/div>\n\t\t\t\t\t<\/div>\n\t\t<\/div>\n\t\t\t\t<div class=\"elementor-column elementor-col-50 elementor-inner-column elementor-element elementor-element-4cd2b6e\" data-id=\"4cd2b6e\" data-element_type=\"column\">\n\t\t\t<div class=\"elementor-widget-wrap elementor-element-populated\">\n\t\t\t\t\t\t<div class=\"elementor-element elementor-element-c1ac847 elementor-widget elementor-widget-text-editor\" data-id=\"c1ac847\" data-element_type=\"widget\" data-widget_type=\"text-editor.default\">\n\t\t\t\t<div class=\"elementor-widget-container\">\n\t\t\t\t\t\t\t<p>JANAF, upravna zgrada Sisak<br \/>Hrvatske po\u0161te: po\u0161tanski uredi \u2013 Me\u0111imurska \u017eupanija<br \/>Op\u0107a bolnica Bjelovar<br \/>Dje\u010dji vrti\u0107 Sesvete (u sklopu POS-a)<br \/>Komunalno poduze\u0107e Kri\u017eevci<br \/>Radnik d.d. Kri\u017eevci<br \/>Peugeot Auto Par \u2013 Lu\u010dko (opremanje salona)<br \/>Zubne ordinacije: Veliki Gr\u0111evac, Rovinj<br \/>Siemens Zagreb \u2013 uredski namje\u0161taj<br \/>H\u017d d.d. Zagreb \u2013 uredski namje\u0161taj<br \/>Hotel \u201cJONA\u201d \u2013 Podstrana . Split<br \/>Hotel \u201cJUPITER\u201d \u2013 Split<br \/>Hotel \u201cJOSO\u201d \u2013 Suko\u0161an<br \/>Hotel \u201cAMBASADOR\u201d (10-ti kat) \u2013 Opatija<br \/>Doma za starije i nemo\u0107ne \u201cOAZA DOM\u201d Klju\u010di\u0107 brdo \u2013 V. Gorica<br \/>Apartmansko naselje \u201cPUNTA VERUDELA\u201d \u2013 Pula<br \/>Osnovna \u0161kola \u2013 \u201cPUJANKI\u201d \u2013 Split<br \/>i mnogi drugi\u2026<\/p>\t\t\t\t\t\t<\/div>\n\t\t\t\t<\/div>\n\t\t\t\t\t<\/div>\n\t\t<\/div>\n\t\t\t\t\t<\/div>\n\t\t<\/section>\n\t\t\t\t\t<\/div>\n\t\t<\/div>\n\t\t\t\t<div class=\"elementor-column elementor-col-50 elementor-top-column elementor-element elementor-element-e8f5ebc\" data-id=\"e8f5ebc\" data-element_type=\"column\">\n\t\t\t<div class=\"elementor-widget-wrap elementor-element-populated\">\n\t\t\t\t\t\t<div class=\"elementor-element elementor-element-7cd1260 elementor-widget elementor-widget-text-editor\" data-id=\"7cd1260\" data-element_type=\"widget\" data-widget_type=\"text-editor.default\">\n\t\t\t\t<div class=\"elementor-widget-container\">\n\t\t\t\t\t\t\t<p style=\"text-align: center;\">PROIZVODNJA JAVOR d.o.o.<\/p>\t\t\t\t\t\t<\/div>\n\t\t\t\t<\/div>\n\t\t\t\t<div class=\"elementor-element elementor-element-4d11b84a elementor-widget elementor-widget-text-editor\" data-id=\"4d11b84a\" data-element_type=\"widget\" data-widget_type=\"text-editor.default\">\n\t\t\t\t<div class=\"elementor-widget-container\">\n\t\t\t\t\t\t\t<p style=\"text-align: center;\">Patkovac 83, 43000 Bjelovar<br \/>OIB:51779825718<br \/>tel: 043\/882-275, 882-063<br \/>fax: 043\/882-560<br \/>mob: 099\/311-6741<br \/>email: javor@bj.t-com.hr<br \/>salon@javor-patkovac.hr<br \/>WORKING TIME<br \/>pon-pet: 08:00-18:00<br \/>sub: 08:00-13:00<\/p>\t\t\t\t\t\t<\/div>\n\t\t\t\t<\/div>\n\t\t\t\t\t<\/div>\n\t\t<\/div>\n\t\t\t\t\t<\/div>\n\t\t<\/section>\n\t\t\t\t<\/div>","protected":false},"excerpt":{"rendered":"<p>Kvalitetu na\u0161ih proizvoda, povoljne cijene, brzinu isporuke i korektnost prepoznale su mnoge velike, srednje i male tvrtke kao i tisu\u0107e malih kupaca. Hotel Rotondo \u2013 Trogir Hotel Marco Polo \u2013 Kor\u010dula Ekonomska \u0161kola Vinkovci Dom za starije i nemo\u0107ne Dubrava, Zagreb Dom za starije i nemo\u0107ne Maksimir, Zagreb Croatia tehni\u010dki pregledi, poslovnice: Kor\u010dula Imotski Split [&hellip;]<\/p>","protected":false},"author":1,"featured_media":0,"parent":0,"menu_order":0,"comment_status":"closed","ping_status":"closed","template":"","meta":{"ocean_post_layout":"","ocean_both_sidebars_style":"","ocean_both_sidebars_content_width":0,"ocean_both_sidebars_sidebars_width":0,"ocean_sidebar":"0","ocean_second_sidebar":"0","ocean_disable_margins":"on","ocean_add_body_class":"","ocean_shortcode_before_top_bar":"","ocean_shortcode_after_top_bar":"","ocean_shortcode_before_header":"","ocean_shortcode_after_header":"","ocean_has_shortcode":"","ocean_shortcode_after_title":"","ocean_shortcode_before_footer_widgets":"","ocean_shortcode_after_footer_widgets":"","ocean_shortcode_before_footer_bottom":"","ocean_shortcode_after_footer_bottom":"","ocean_display_top_bar":"off","ocean_display_header":"on","ocean_header_style":"","ocean_center_header_left_menu":"0","ocean_custom_header_template":"0","ocean_custom_logo":0,"ocean_custom_retina_logo":0,"ocean_custom_logo_max_width":0,"ocean_custom_logo_tablet_max_width":0,"ocean_custom_logo_mobile_max_width":0,"ocean_custom_logo_max_height":0,"ocean_custom_logo_tablet_max_height":0,"ocean_custom_logo_mobile_max_height":0,"ocean_header_custom_menu":"0","ocean_menu_typo_font_family":"0","ocean_menu_typo_font_subset":"","ocean_menu_typo_font_size":0,"ocean_menu_typo_font_size_tablet":0,"ocean_menu_typo_font_size_mobile":0,"ocean_menu_typo_font_size_unit":"px","ocean_menu_typo_font_weight":"","ocean_menu_typo_font_weight_tablet":"","ocean_menu_typo_font_weight_mobile":"","ocean_menu_typo_transform":"","ocean_menu_typo_transform_tablet":"","ocean_menu_typo_transform_mobile":"","ocean_menu_typo_line_height":0,"ocean_menu_typo_line_height_tablet":0,"ocean_menu_typo_line_height_mobile":0,"ocean_menu_typo_line_height_unit":"","ocean_menu_typo_spacing":0,"ocean_menu_typo_spacing_tablet":0,"ocean_menu_typo_spacing_mobile":0,"ocean_menu_typo_spacing_unit":"","ocean_menu_link_color":"","ocean_menu_link_color_hover":"","ocean_menu_link_color_active":"","ocean_menu_link_background":"","ocean_menu_link_hover_background":"","ocean_menu_link_active_background":"","ocean_menu_social_links_bg":"","ocean_menu_social_hover_links_bg":"","ocean_menu_social_links_color":"","ocean_menu_social_hover_links_color":"","ocean_disable_title":"on","ocean_disable_heading":"default","ocean_post_title":"","ocean_post_subheading":"","ocean_post_title_style":"","ocean_post_title_background_color":"","ocean_post_title_background":0,"ocean_post_title_bg_image_position":"","ocean_post_title_bg_image_attachment":"","ocean_post_title_bg_image_repeat":"","ocean_post_title_bg_image_size":"","ocean_post_title_height":0,"ocean_post_title_bg_overlay":0.5,"ocean_post_title_bg_overlay_color":"","ocean_disable_breadcrumbs":"off","ocean_breadcrumbs_color":"","ocean_breadcrumbs_separator_color":"","ocean_breadcrumbs_links_color":"","ocean_breadcrumbs_links_hover_color":"","ocean_display_footer_widgets":"off","ocean_display_footer_bottom":"off","ocean_custom_footer_template":"0","footnotes":""},"class_list":["post-110","page","type-page","status-publish","hentry","entry"],"_links":{"self":[{"href":"https:\/\/javor-bjelovar.hr\/en\/wp-json\/wp\/v2\/pages\/110","targetHints":{"allow":["GET"]}}],"collection":[{"href":"https:\/\/javor-bjelovar.hr\/en\/wp-json\/wp\/v2\/pages"}],"about":[{"href":"https:\/\/javor-bjelovar.hr\/en\/wp-json\/wp\/v2\/types\/page"}],"author":[{"embeddable":true,"href":"https:\/\/javor-bjelovar.hr\/en\/wp-json\/wp\/v2\/users\/1"}],"replies":[{"embeddable":true,"href":"https:\/\/javor-bjelovar.hr\/en\/wp-json\/wp\/v2\/comments?post=110"}],"version-history":[{"count":5,"href":"https:\/\/javor-bjelovar.hr\/en\/wp-json\/wp\/v2\/pages\/110\/revisions"}],"predecessor-version":[{"id":116,"href":"https:\/\/javor-bjelovar.hr\/en\/wp-json\/wp\/v2\/pages\/110\/revisions\/116"}],"wp:attachment":[{"href":"https:\/\/javor-bjelovar.hr\/en\/wp-json\/wp\/v2\/media?parent=110"}],"curies":[{"name":"wp","href":"https:\/\/api.w.org\/{rel}","templated":true}]}}